{"id":64,"date":"2017-08-16T19:29:23","date_gmt":"2017-08-16T17:29:23","guid":{"rendered":"http:\/\/c-katia.fr\/?page_id=64"},"modified":"2017-11-03T15:40:56","modified_gmt":"2017-11-03T14:40:56","slug":"les-dessins","status":"publish","type":"page","link":"https:\/\/c-katia.fr\/index.php\/les-dessins\/","title":{"rendered":"Les dessins"},"content":{"rendered":"\t\t<div data-elementor-type=\"wp-page\" data-elementor-id=\"64\" class=\"elementor elementor-64 elementor-bc-flex-widget\" data-elementor-settings=\"[]\">\n\t\t\t\t\t\t<div class=\"elementor-inner\">\n\t\t\t\t\t\t\t<div class=\"elementor-section-wrap\">\n\t\t\t\t\t\t\t<section class=\"elementor-section elementor-top-section elementor-element elementor-element-soviqyo elementor-section-stretched elementor-section-boxed elementor-section-height-default elementor-section-height-default\" data-id=\"soviqyo\" data-element_type=\"section\" data-settings=\"{&quot;stretch_section&quot;:&quot;section-stretched&quot;}\">\n\t\t\t\t\t\t<div class=\"elementor-container elementor-column-gap-default\">\n\t\t\t\t\t\t\t<div class=\"elementor-row\">\n\t\t\t\t\t<div class=\"elementor-column elementor-col-100 elementor-top-column elementor-element elementor-element-mpvcrot\" data-id=\"mpvcrot\" data-element_type=\"column\">\n\t\t\t<div class=\"elementor-column-wrap elementor-element-populated\">\n\t\t\t\t\t\t\t<div class=\"elementor-widget-wrap\">\n\t\t\t\t\t\t<div class=\"elementor-element elementor-element-vzflnee elementor-widget elementor-widget-text-editor\" data-id=\"vzflnee\" data-element_type=\"widget\" data-widget_type=\"text-editor.default\">\n\t\t\t\t<div class=\"elementor-widget-container\">\n\t\t\t\t\t<div class=\"elementor-text-editor elementor-clearfix\"><p>Vous pouvez cliquer sur une image pour l&#8217;afficher plein \u00e9cran.<\/p><p><!-- Final Tiles Grid Gallery for WordPress v3.4.22 free --><style>#ftg-33 .tile .icon { color:#ffffff; }#ftg-33 .ftg-items .loading-bar i { background:#fff; }#ftg-33 .ftg-items .loading-bar { background:#fff; }#ftg-33 .tile .icon { font-size:12px; }#ftg-33 .tile .icon { margin: -6px 0 0 -6px; }#ftg-33 .tile .caption-block .text-wrapper span.text { font-size:12px; }#ftg-33 .tile .caption-block .text-wrapper span.title { font-size:12px; }#ftg-33 .tile { background-color: transparent; }#ftg-33 .tile .caption-block .text-wrapper span.text { color: #ffffff; }#ftg-33 .tile .caption-block .text-wrapper span.title { color: #ffffff; }#ftg-33 .tile .ftg-social a { color: #ffffff; }#ftg-33 .tile .caption-block { transition-duration:0.25s; }#ftg-33 .tile .tile-inner:before { background-color: #000000; }#ftg-33 .tile .tile-inner:before { background-color: rgba(0, 0, 0, 0.3); }#ftg-33 .tile:hover img {-moz-transform: ;-webkit-transform: ;-o-transform: ;-ms-transform: ;transform: ;}<\/style><a name='3'><\/a><div class='final-tiles-gallery  ftg-hover-enabled  caption-none caption-bottom caption-left' id='ftg-33' style='width:100%'><div class='ftg-items'><div class='loading-bar'><i><\/i><\/div><div  class='tile ftg-preload  '><a title=\"DSC00159\" data-lightbox='ftg-33' rel='ftg-33'  class=' tile-inner  ftg-lightbox' href='https:\/\/c-katia.fr\/wp-content\/uploads\/2017\/10\/DSC00159-e1509803666819-1024x701.jpg' ><img alt='DSC00159' class='item skip-lazy' data-class='item' data-ftg-source='http:\/\/c-katia.fr\/wp-content\/uploads\/2017\/10\/DSC00159-1024x768.jpg' src='http:\/\/c-katia.fr\/wp-content\/uploads\/2017\/10\/DSC00159-1024x768.jpg' width='2280' height='1561' \/><div class='caption-block'><div class='text-wrapper'><span class='title'>DSC00159<\/span><\/div><\/div><\/a><div class='ftg-social'><\/div><\/div><div  class='tile ftg-preload  '><a title=\"m\u00e9ditation\" data-lightbox='ftg-33' rel='ftg-33'  class=' tile-inner  ftg-lightbox' href='https:\/\/c-katia.fr\/wp-content\/uploads\/2017\/10\/DSC09449-e1509380183415-768x1024.jpg' ><img alt='m\u00e9ditation' class='item skip-lazy' data-class='item' data-ftg-source='http:\/\/c-katia.fr\/wp-content\/uploads\/2017\/10\/DSC09449-e1509380183415-768x1024.jpg' src='http:\/\/c-katia.fr\/wp-content\/uploads\/2017\/10\/DSC09449-e1509380183415-768x1024.jpg' width='1944' height='2592' \/><div class='caption-block'><div class='text-wrapper'><span class='title'>m\u00e9ditation<\/span><span class='text'>gouache sur papier 200 g    55 x 75<\/span><\/div><\/div><\/a><div class='ftg-social'><\/div><\/div><div  class='tile ftg-preload  '><a title=\"L&#039;attente\" data-lightbox='ftg-33' rel='ftg-33'  class=' tile-inner  ftg-lightbox' href='https:\/\/c-katia.fr\/wp-content\/uploads\/2017\/11\/PB120006-768x1024.jpg' ><img alt='L&#039;attente' class='item skip-lazy' data-class='item' data-ftg-source='http:\/\/c-katia.fr\/wp-content\/uploads\/2017\/11\/PB120006-768x1024.jpg' src='http:\/\/c-katia.fr\/wp-content\/uploads\/2017\/11\/PB120006-768x1024.jpg' width='3456' height='4608' \/><div class='caption-block'><div class='text-wrapper'><span class='title'>L&#8217;attente<\/span><span class='text'>Fusain sur papier canson 200 g  75 x 55<\/span><\/div><\/div><\/a><div class='ftg-social'><\/div><\/div><div  class='tile ftg-preload  '><a title=\"Etude\" data-lightbox='ftg-33' rel='ftg-33'  class=' tile-inner  ftg-lightbox' href='https:\/\/c-katia.fr\/wp-content\/uploads\/2017\/11\/PB240001-885x1024.jpg' ><img alt='Etude' class='item skip-lazy' data-class='item' data-ftg-source='http:\/\/c-katia.fr\/wp-content\/uploads\/2017\/11\/PB240001-885x1024.jpg' src='http:\/\/c-katia.fr\/wp-content\/uploads\/2017\/11\/PB240001-885x1024.jpg' width='2607' height='3015' \/><div class='caption-block'><div class='text-wrapper'><span class='title'>Etude<\/span><span class='text'>Encre de chine sur papier aquarelle &#8211; 30 x 35-R\u00e9alis\u00e9 \u00e0 l&#8217;atelier du c\u00e8dre<\/span><\/div><\/div><\/a><div class='ftg-social'><\/div><\/div><div  class='tile ftg-preload  '><a title=\"Le bainVendu\" data-lightbox='ftg-33' rel='ftg-33'  class=' tile-inner  ftg-lightbox' href='https:\/\/c-katia.fr\/wp-content\/uploads\/2017\/08\/IMG_3404-685x1024.jpg' ><img alt='Le bainVendu' class='item skip-lazy' data-class='item' data-ftg-source='http:\/\/c-katia.fr\/wp-content\/uploads\/2017\/08\/IMG_3404-685x1024.jpg' src='http:\/\/c-katia.fr\/wp-content\/uploads\/2017\/08\/IMG_3404-685x1024.jpg' width='2508' height='3751' \/><div class='caption-block'><div class='text-wrapper'><span class='title'>Le bainVendu<\/span><span class='text'>Stylo et feutre sur papier canson, format A4.D\\\\\\&#8217;apr\u00e8s une photo d\\\\\\&#8217;Elsa Martin<\/span><\/div><\/div><\/a><div class='ftg-social'><\/div><\/div><div  class='tile ftg-preload  '><a title=\"Mon p\u00e8re et mon petit fils\" data-lightbox='ftg-33' rel='ftg-33'  class=' tile-inner  ftg-lightbox' href='https:\/\/c-katia.fr\/wp-content\/uploads\/2017\/08\/IMG_3365-752x1024.jpg' ><img alt='Mon p\u00e8re et mon petit fils' class='item skip-lazy' data-class='item' data-ftg-source='http:\/\/c-katia.fr\/wp-content\/uploads\/2017\/08\/IMG_3365-752x1024.jpg' src='http:\/\/c-katia.fr\/wp-content\/uploads\/2017\/08\/IMG_3365-752x1024.jpg' width='2460' height='3349' \/><div class='caption-block'><div class='text-wrapper'><span class='title'>Mon p\u00e8re et mon petit fils<\/span><span class='text'>Dessin sur papier canson  -A4.    J&#8217;avais envie de r\u00e9unir deux hommes qui comptent dans ma vie et qui n&#8217;ont pas eu la chance de se conna\u00eetre.<\/span><\/div><\/div><\/a><div class='ftg-social'><\/div><\/div><div  class='tile ftg-preload  '><a title=\"TendresseVendue\" data-lightbox='ftg-33' rel='ftg-33'  class=' tile-inner  ftg-lightbox' href='https:\/\/c-katia.fr\/wp-content\/uploads\/2017\/08\/DSC09895-768x1024.jpg' ><img alt='TendresseVendue' class='item skip-lazy' data-class='item' data-ftg-source='http:\/\/c-katia.fr\/wp-content\/uploads\/2017\/08\/DSC09895-768x1024.jpg' src='http:\/\/c-katia.fr\/wp-content\/uploads\/2017\/08\/DSC09895-768x1024.jpg' width='1944' height='2592' \/><div class='caption-block'><div class='text-wrapper'><span class='title'>TendresseVendue<\/span><span class='text'>Stylo et acrylique &#8211; format A4.Papier canson 200 g.<\/span><\/div><\/div><\/a><div class='ftg-social'><\/div><\/div><div  class='tile ftg-preload  '><a title=\"Un ami - Dessin 32 x 24 sur papier cansonD&#039;apr\u00e8s une photo personnelle\" data-lightbox='ftg-33' rel='ftg-33'  class=' tile-inner  ftg-lightbox' href='https:\/\/c-katia.fr\/wp-content\/uploads\/2017\/11\/IMG_0063-e1509656847987-768x1024.jpg' ><img alt='Un ami - Dessin 32 x 24 sur papier cansonD&#039;apr\u00e8s une photo personnelle' class='item skip-lazy' data-class='item' data-ftg-source='http:\/\/c-katia.fr\/wp-content\/uploads\/2017\/11\/IMG_0063-e1509656847987-768x1024.jpg' src='http:\/\/c-katia.fr\/wp-content\/uploads\/2017\/11\/IMG_0063-e1509656847987-768x1024.jpg' width='3000' height='4000' \/><div class='caption-block'><div class='text-wrapper'><span class='title'>Un ami &#8211; Dessin 32 x 24 sur papier cansonD&#8217;apr\u00e8s une photo personnelle<\/span><\/div><\/div><\/a><div class='ftg-social'><\/div><\/div><div  class='tile ftg-preload  '><a title=\"Abandon\" data-lightbox='ftg-33' rel='ftg-33'  class=' tile-inner  ftg-lightbox' href='https:\/\/c-katia.fr\/wp-content\/uploads\/2017\/11\/DSC09166-485x1024.jpg' ><img alt='Abandon' class='item skip-lazy' data-class='item' data-ftg-source='http:\/\/c-katia.fr\/wp-content\/uploads\/2017\/11\/DSC09166-485x1024.jpg' src='http:\/\/c-katia.fr\/wp-content\/uploads\/2017\/11\/DSC09166-485x1024.jpg' width='809' height='1708' \/><div class='caption-block'><div class='text-wrapper'><span class='title'>Abandon<\/span><span class='text'>Dessin mine de plomb sur papier canson (vendu)<\/span><\/div><\/div><\/a><div class='ftg-social'><\/div><\/div><div  class='tile ftg-preload  '><a title=\"Nu\" data-lightbox='ftg-33' rel='ftg-33'  class=' tile-inner  ftg-lightbox' href='https:\/\/c-katia.fr\/wp-content\/uploads\/2017\/11\/IMG_1058-1024x683.jpg' ><img alt='Nu' class='item skip-lazy' data-class='item' data-ftg-source='http:\/\/c-katia.fr\/wp-content\/uploads\/2017\/11\/IMG_1058-1024x683.jpg' src='http:\/\/c-katia.fr\/wp-content\/uploads\/2017\/11\/IMG_1058-1024x683.jpg' width='2496' height='1664' \/><div class='caption-block'><div class='text-wrapper'><span class='title'>Nu<\/span><span class='text'>fusain sur papier canson 200 g<\/span><\/div><\/div><\/a><div class='ftg-social'><\/div><\/div><div  class='tile ftg-preload  '><a title=\"promenade - fusain et encre de chine sur papier canson (55 X 70)\" data-lightbox='ftg-33' rel='ftg-33'  class=' tile-inner  ftg-lightbox' href='https:\/\/c-katia.fr\/wp-content\/uploads\/2018\/02\/IMG_20180126_103920_429-820x1024.jpg' ><img alt='promenade - fusain et encre de chine sur papier canson (55 X 70)' class='item skip-lazy' data-class='item' data-ftg-source='http:\/\/c-katia.fr\/wp-content\/uploads\/2018\/02\/IMG_20180126_103920_429-820x1024.jpg' src='http:\/\/c-katia.fr\/wp-content\/uploads\/2018\/02\/IMG_20180126_103920_429-820x1024.jpg' width='1845' height='2304' \/><div class='caption-block'><div class='text-wrapper'><span class='title'>promenade &#8211; fusain et encre de chine sur papier canson (55 X 70)<\/span><\/div><\/div><\/a><div class='ftg-social'><\/div><\/div><div  class='tile ftg-preload  '><a title=\"crayon sur papier aquarelle 300 g- ( 60 X 30) - Offert \u00e0 Mathilde ma belle-Fille\" data-lightbox='ftg-33' rel='ftg-33'  class=' tile-inner  ftg-lightbox' href='https:\/\/c-katia.fr\/wp-content\/uploads\/2018\/02\/IMG_20180210_203737-662x1024.jpg' ><img alt='Femme au bijou - Offerte \u00e0 Mathilde' class='item skip-lazy' data-class='item' data-ftg-source='http:\/\/c-katia.fr\/wp-content\/uploads\/2018\/02\/IMG_20180210_203737-662x1024.jpg' src='http:\/\/c-katia.fr\/wp-content\/uploads\/2018\/02\/IMG_20180210_203737-662x1024.jpg' width='1652' height='2557' \/><div class='caption-block'><div class='text-wrapper'><span class='text'>crayon sur papier aquarelle 300 g- ( 60 X 30) &#8211; Offert \u00e0 Mathilde ma belle-Fille<\/span><\/div><\/div><\/a><div class='ftg-social'><\/div><\/div><div  class='tile ftg-preload  '><a title=\"Logis de Fl\u00e9ac - (50 x 60) sur papier toil\u00e9 - encre, pastel et fusain \" data-lightbox='ftg-33' rel='ftg-33'  class=' tile-inner  ftg-lightbox' href='https:\/\/c-katia.fr\/wp-content\/uploads\/2019\/07\/IMG_20190630_181144-1024x768.jpg' ><img alt='Logis de Fl\u00e9ac - (50 x 60) sur papier toil\u00e9 - encre, pastel et fusain ' class='item skip-lazy' data-class='item' data-ftg-source='http:\/\/c-katia.fr\/wp-content\/uploads\/2019\/07\/IMG_20190630_181144-1024x768.jpg' src='http:\/\/c-katia.fr\/wp-content\/uploads\/2019\/07\/IMG_20190630_181144-1024x768.jpg' width='2560' height='1920' \/><div class='caption-block'><div class='text-wrapper'><span class='title'>Logis de Fl\u00e9ac &#8211; (50 x 60) sur papier toil\u00e9 &#8211; encre, pastel et fusain <\/span><\/div><\/div><\/a><div class='ftg-social'><\/div><\/div><div  class='tile ftg-preload  '><a title=\"Roses du matin - 30 x 40 sur papier aquarelle 300 g - 60\u20ac encadr\u00e9e\" data-lightbox='ftg-33' rel='ftg-33'  class=' tile-inner  ftg-lightbox' href='https:\/\/c-katia.fr\/wp-content\/uploads\/2019\/07\/IMG_20190630_193534-768x1024.jpg' ><img alt='propri\u00e9t\u00e9 de Candy Bernard' class='item skip-lazy' data-class='item' data-ftg-source='http:\/\/c-katia.fr\/wp-content\/uploads\/2019\/07\/IMG_20190630_193534-768x1024.jpg' src='http:\/\/c-katia.fr\/wp-content\/uploads\/2019\/07\/IMG_20190630_193534-768x1024.jpg' width='1920' height='2560' \/><div class='caption-block'><div class='text-wrapper'><span class='title'>Roses du matin &#8211; 30 x 40 sur papier aquarelle 300 g &#8211; 60\u20ac encadr\u00e9e<\/span><\/div><\/div><\/a><div class='ftg-social'><\/div><\/div><div  class='tile ftg-preload  '><a title=\"S\u00e9r\u00e9nit\u00e9 - encre de chine sur papier aquarelle 300 g (30 x 40) -  Vendue\" data-lightbox='ftg-33' rel='ftg-33'  class=' tile-inner  ftg-lightbox' href='https:\/\/c-katia.fr\/wp-content\/uploads\/2019\/07\/IMG_20190629_155009-1024x768.jpg' ><img alt='S\u00e9r\u00e9nit\u00e9 - encre de chine sur papier aquarelle 300 g (30 x 40) -  Vendue' class='item skip-lazy' data-class='item' data-ftg-source='http:\/\/c-katia.fr\/wp-content\/uploads\/2019\/07\/IMG_20190629_155009-1024x768.jpg' src='http:\/\/c-katia.fr\/wp-content\/uploads\/2019\/07\/IMG_20190629_155009-1024x768.jpg' width='2495' height='1871' \/><div class='caption-block'><div class='text-wrapper'><span class='title'>S\u00e9r\u00e9nit\u00e9 &#8211; encre de chine sur papier aquarelle 300 g (30 x 40) &#8211;  Vendue<\/span><\/div><\/div><\/a><div class='ftg-social'><\/div><\/div><div  class='tile ftg-preload  '><a title=\"Encre de chine sur papier aquarelle 300 g - format A3 - Offerte\" data-lightbox='ftg-33' rel='ftg-33'  class=' tile-inner  ftg-lightbox' href='https:\/\/c-katia.fr\/wp-content\/uploads\/2019\/06\/IMG_1100-743x1024.jpg' ><img alt='Encre de chine sur papier aquarelle 300 g - format A3 - Offerte' class='item skip-lazy' data-class='item' data-ftg-source='http:\/\/c-katia.fr\/wp-content\/uploads\/2019\/06\/IMG_1100-743x1024.jpg' src='http:\/\/c-katia.fr\/wp-content\/uploads\/2019\/06\/IMG_1100-743x1024.jpg' width='2181' height='3005' \/><div class='caption-block'><div class='text-wrapper'><span class='title'>Encre de chine sur papier aquarelle 300 g &#8211; format A3 &#8211; Offerte<\/span><\/div><\/div><\/a><div class='ftg-social'><\/div><\/div><div  class='tile ftg-preload  '><a title=\"Point de vue singulier du bourg d&#039;Echallat en Charente\" data-lightbox='ftg-33' rel='ftg-33'  class=' tile-inner  ftg-lightbox' href='https:\/\/c-katia.fr\/wp-content\/uploads\/2019\/08\/IMG_1651-2-1024x741.jpg' ><img alt='Point de vue singulier du bourg d&#039;Echallat en Charente' class='item skip-lazy' data-class='item' data-ftg-source='http:\/\/c-katia.fr\/wp-content\/uploads\/2019\/08\/IMG_1651-2-1024x741.jpg' src='http:\/\/c-katia.fr\/wp-content\/uploads\/2019\/08\/IMG_1651-2-1024x741.jpg' width='3317' height='2401' \/><div class='caption-block'><div class='text-wrapper'><span class='title'>Point de vue singulier du bourg d&#8217;Echallat en Charente<\/span><span class='text'>Encre de chine sur papier aquarelle 300 g     <\/span><\/div><\/div><\/a><div class='ftg-social'><\/div><\/div><div  class='tile ftg-preload  '><a title=\"&quot;Soif ?&quot; - crayon - 20x30\" data-lightbox='ftg-33' rel='ftg-33'  class=' tile-inner  ftg-lightbox' href='https:\/\/c-katia.fr\/wp-content\/uploads\/2020\/10\/IMG_4179-1024x678.jpg' ><img alt='&quot;Soif ?&quot; - crayon - 20x30' class='item skip-lazy' data-class='item' data-ftg-source='http:\/\/c-katia.fr\/wp-content\/uploads\/2020\/10\/IMG_4179-1024x678.jpg' src='http:\/\/c-katia.fr\/wp-content\/uploads\/2020\/10\/IMG_4179-1024x678.jpg' width='3386' height='2241' \/><div class='caption-block'><div class='text-wrapper'><span class='title'>&#8220;Soif ?&#8221; &#8211; crayon &#8211; 20&#215;30<\/span><\/div><\/div><\/a><div class='ftg-social'><\/div><\/div><div  class='tile ftg-preload  '><a title=\"bougies d\u00e9cor\u00e9es - crayon 20x30\" data-lightbox='ftg-33' rel='ftg-33'  class=' tile-inner  ftg-lightbox' href='https:\/\/c-katia.fr\/wp-content\/uploads\/2020\/10\/IMG_4184-799x1024.jpg' ><img alt='bougies d\u00e9cor\u00e9es - crayon 20x30' class='item skip-lazy' data-class='item' data-ftg-source='http:\/\/c-katia.fr\/wp-content\/uploads\/2020\/10\/IMG_4184-799x1024.jpg' src='http:\/\/c-katia.fr\/wp-content\/uploads\/2020\/10\/IMG_4184-799x1024.jpg' width='2391' height='3063' \/><div class='caption-block'><div class='text-wrapper'><span class='title'>bougies d\u00e9cor\u00e9es &#8211; crayon 20&#215;30<\/span><\/div><\/div><\/a><div class='ftg-social'><\/div><\/div><div  class='tile ftg-preload  '><a title=\"mes amours &quot;lecture&quot; - crayon 20x30\" data-lightbox='ftg-33' rel='ftg-33'  class=' tile-inner  ftg-lightbox' href='https:\/\/c-katia.fr\/wp-content\/uploads\/2020\/10\/IMG_4172-696x1024.jpg' ><img alt='mes amours &quot;lecture&quot; - crayon 20x30' class='item skip-lazy' data-class='item' data-ftg-source='http:\/\/c-katia.fr\/wp-content\/uploads\/2020\/10\/IMG_4172-696x1024.jpg' src='http:\/\/c-katia.fr\/wp-content\/uploads\/2020\/10\/IMG_4172-696x1024.jpg' width='1821' height='2678' \/><div class='caption-block'><div class='text-wrapper'><span class='title'>mes amours &#8220;lecture&#8221; &#8211; crayon 20&#215;30<\/span><\/div><\/div><\/a><div class='ftg-social'><\/div><\/div><div  class='tile ftg-preload  '><a title=\"Femme de l&#039;Inde - crayon - 20x30\" data-lightbox='ftg-33' rel='ftg-33'  class=' tile-inner  ftg-lightbox' href='https:\/\/c-katia.fr\/wp-content\/uploads\/2020\/10\/IMG_4186-758x1024.jpg' ><img alt='Femme de l&#039;Inde - crayon - 20x30' class='item skip-lazy' data-class='item' data-ftg-source='http:\/\/c-katia.fr\/wp-content\/uploads\/2020\/10\/IMG_4186-758x1024.jpg' src='http:\/\/c-katia.fr\/wp-content\/uploads\/2020\/10\/IMG_4186-758x1024.jpg' width='2530' height='3416' \/><div class='caption-block'><div class='text-wrapper'><span class='title'>Femme de l&#8217;Inde &#8211; crayon &#8211; 20&#215;30<\/span><\/div><\/div><\/a><div class='ftg-social'><\/div><\/div><div  class='tile ftg-preload  '><a title=\"Ma petite-fille - crayon - 20x30 r\u00e9alis\u00e9e en octobre2020\" data-lightbox='ftg-33' rel='ftg-33'  class=' tile-inner  ftg-lightbox' href='https:\/\/c-katia.fr\/wp-content\/uploads\/2020\/10\/IMG_4175-e1602786723690-735x1024.jpg' ><img alt='Ma petite-fille - crayon - 20x30 r\u00e9alis\u00e9e en octobre2020' class='item skip-lazy' data-class='item' data-ftg-source='http:\/\/c-katia.fr\/wp-content\/uploads\/2020\/10\/IMG_4175-e1602786723690-735x1024.jpg' src='http:\/\/c-katia.fr\/wp-content\/uploads\/2020\/10\/IMG_4175-e1602786723690-735x1024.jpg' width='1930' height='2690' \/><div class='caption-block'><div class='text-wrapper'><span class='title'>Ma petite-fille &#8211; crayon &#8211; 20&#215;30 r\u00e9alis\u00e9e en octobre2020<\/span><\/div><\/div><\/a><div class='ftg-social'><\/div><\/div><div  class='tile ftg-preload  '><a title=\"Petite fille P\u00e9ruvienne - dessin au crayon papier - 20x30 - 50\u20ac\" data-lightbox='ftg-33' rel='ftg-33'  class=' tile-inner  ftg-lightbox' href='https:\/\/c-katia.fr\/wp-content\/uploads\/2020\/11\/IMG-20201101-WA0008-1-768x1024.jpg' ><img alt='Dessin' class='item skip-lazy' data-class='item' data-ftg-source='http:\/\/c-katia.fr\/wp-content\/uploads\/2020\/11\/IMG-20201101-WA0008-1-768x1024.jpg' src='http:\/\/c-katia.fr\/wp-content\/uploads\/2020\/11\/IMG-20201101-WA0008-1-768x1024.jpg' width='1200' height='1600' \/><div class='caption-block'><div class='text-wrapper'><span class='title'>Petite fille P\u00e9ruvienne &#8211; dessin au crayon papier &#8211; 20&#215;30 &#8211; 50\u20ac<\/span><\/div><\/div><\/a><div class='ftg-social'><\/div><\/div><div  class='tile ftg-preload  '><a title=\"Tendresse - 40x30 - crayon d&#039;apr\u00e8s une peinture de dubovoy_artist (instagram)\" data-lightbox='ftg-33' rel='ftg-33'  class=' tile-inner  ftg-lightbox' href='https:\/\/c-katia.fr\/wp-content\/uploads\/2020\/11\/20201117_131455-736x1024.jpg' ><img alt='Tendresse - 40x30 - crayon d&#039;apr\u00e8s une peinture de dubovoy_artist (instagram)' class='item skip-lazy' data-class='item' data-ftg-source='http:\/\/c-katia.fr\/wp-content\/uploads\/2020\/11\/20201117_131455-736x1024.jpg' src='http:\/\/c-katia.fr\/wp-content\/uploads\/2020\/11\/20201117_131455-736x1024.jpg' width='1840' height='2560' \/><div class='caption-block'><div class='text-wrapper'><span class='title'>Tendresse &#8211; 40&#215;30 &#8211; crayon d&#8217;apr\u00e8s une peinture de dubovoy_artist (instagram)<\/span><\/div><\/div><\/a><div class='ftg-social'><\/div><\/div><div  class='tile ftg-preload  '><a title=\"&quot;Chatons&quot; dessin 30x30\" data-lightbox='ftg-33' rel='ftg-33'  class=' tile-inner  ftg-lightbox' href='https:\/\/c-katia.fr\/wp-content\/uploads\/2021\/02\/IMG_20201121_185019_622-1024x768.jpg' ><img alt='&quot;Chatons&quot; dessin 30x30' class='item skip-lazy' data-class='item' data-ftg-source='http:\/\/c-katia.fr\/wp-content\/uploads\/2021\/02\/IMG_20201121_185019_622-1024x768.jpg' src='http:\/\/c-katia.fr\/wp-content\/uploads\/2021\/02\/IMG_20201121_185019_622-1024x768.jpg' width='2560' height='1920' \/><div class='caption-block'><div class='text-wrapper'><span class='title'>&#8220;Chatons&#8221; dessin 30&#215;30<\/span><\/div><\/div><\/a><div class='ftg-social'><\/div><\/div><div  class='tile ftg-preload  '><a title=\"Parc de Fr\u00e9geneuil - dessin - 40x50 - encre et crayon 60\u20ac\" data-lightbox='ftg-33' rel='ftg-33'  class=' tile-inner  ftg-lightbox' href='https:\/\/c-katia.fr\/wp-content\/uploads\/2021\/03\/20210329_101631-1024x819.jpg' ><img alt='Parc de Fr\u00e9geneuil - dessin - 40x50 - encre et crayon 60\u20ac' class='item skip-lazy' data-class='item' data-ftg-source='https:\/\/c-katia.fr\/wp-content\/uploads\/2021\/03\/20210329_101631-1024x819.jpg' src='https:\/\/c-katia.fr\/wp-content\/uploads\/2021\/03\/20210329_101631-1024x819.jpg' width='525' height='420' \/><div class='caption-block'><div class='text-wrapper'><span class='title'>Parc de Fr\u00e9geneuil &#8211; dessin &#8211; 40&#215;50 &#8211; encre et crayon 60\u20ac<\/span><\/div><\/div><\/a><div class='ftg-social'><\/div><\/div><div  class='tile ftg-preload  '><a title=\"D\\&#039;apr\u00e8s un tableau, copie en noir et blanc - dessin charcoal-40\u20ac\" data-lightbox='ftg-33' rel='ftg-33'  class=' tile-inner  ftg-lightbox' href='https:\/\/c-katia.fr\/wp-content\/uploads\/2024\/03\/IMG_7710-745x1024.jpg' ><img alt='D\\&#039;apr\u00e8s un tableau, copie en noir et blanc - dessin charcoal-40\u20ac' class='item skip-lazy' data-class='item' data-ftg-source='https:\/\/c-katia.fr\/wp-content\/uploads\/2024\/03\/IMG_7710-100x100.jpg' src='https:\/\/c-katia.fr\/wp-content\/uploads\/2024\/03\/IMG_7710-100x100.jpg' width='100' height='100' \/><div class='caption-block'><div class='text-wrapper'><span class='title'>D\\&#8217;apr\u00e8s un tableau, copie en noir et blanc &#8211; dessin charcoal-40\u20ac<\/span><\/div><\/div><\/a><div class='ftg-social'><\/div><\/div><div  class='tile ftg-preload  '><a title=\"dessin charcoal - r\u00e9serv\u00e9\" data-lightbox='ftg-33' rel='ftg-33'  class=' tile-inner  ftg-lightbox' href='https:\/\/c-katia.fr\/wp-content\/uploads\/2024\/03\/IMG_7130-727x1024.jpg' ><img alt='dessin charcoal - r\u00e9serv\u00e9' class='item skip-lazy' data-class='item' data-ftg-source='https:\/\/c-katia.fr\/wp-content\/uploads\/2024\/03\/IMG_7130-100x100.jpg' src='https:\/\/c-katia.fr\/wp-content\/uploads\/2024\/03\/IMG_7130-100x100.jpg' width='100' height='100' \/><div class='caption-block'><div class='text-wrapper'><span class='title'>dessin charcoal &#8211; r\u00e9serv\u00e9<\/span><\/div><\/div><\/a><div class='ftg-social'><\/div><\/div><\/div><\/div><script type='text\/javascript'>jQuery('#ftg-33 img.item').removeAttr('src');jQuery(document).ready(function () {setTimeout(function () {jQuery('#ftg-33').finalTilesGallery({minTileWidth: 250,margin: 10,loadMethod: 'sequential',nonce: '6864fc7cfe',galleryId: '3',setupFilters: true,layout: 'final',debug: false,gridSize: 25,disableGridSizeBelow:800,allowEnlargement: true,imageSizeFactor: [ [4000, 0.4],[1024, 0.8],[768, 0.7],[640, 0.6],[320, 0.5]],selectedFilter: 'n-a'});jQuery(function () {(function () {var rel = '';jQuery('#ftg-33 .ftg-lightbox').click(function (e) {rel = jQuery(this).attr('rel');jQuery('#ftg-33 .ftg-current').removeClass('ftg-current');jQuery('#ftg-33 [rel=\"'+rel+'\"]').addClass('ftg-current');});})();});}, 0);});<\/script><\/p><\/div>\n\t\t\t\t<\/div>\n\t\t\t\t<\/div>\n\t\t\t\t\t\t<\/div>\n\t\t\t\t\t<\/div>\n\t\t<\/div>\n\t\t\t\t\t\t\t\t<\/div>\n\t\t\t\t\t<\/div>\n\t\t<\/section>\n\t\t\t\t\t\t<\/div>\n\t\t\t\t\t\t<\/div>\n\t\t\t\t\t<\/div>\n\t\t","protected":false},"excerpt":{"rendered":"<p>Vous pouvez cliquer sur une image pour l&#8217;afficher plein \u00e9cran.<\/p>\n","protected":false},"author":1,"featured_media":0,"parent":0,"menu_order":0,"comment_status":"closed","ping_status":"closed","template":"","meta":[],"_links":{"self":[{"href":"https:\/\/c-katia.fr\/index.php\/wp-json\/wp\/v2\/pages\/64"}],"collection":[{"href":"https:\/\/c-katia.fr\/index.php\/wp-json\/wp\/v2\/pages"}],"about":[{"href":"https:\/\/c-katia.fr\/index.php\/wp-json\/wp\/v2\/types\/page"}],"author":[{"embeddable":true,"href":"https:\/\/c-katia.fr\/index.php\/wp-json\/wp\/v2\/users\/1"}],"replies":[{"embeddable":true,"href":"https:\/\/c-katia.fr\/index.php\/wp-json\/wp\/v2\/comments?post=64"}],"version-history":[{"count":8,"href":"https:\/\/c-katia.fr\/index.php\/wp-json\/wp\/v2\/pages\/64\/revisions"}],"predecessor-version":[{"id":220,"href":"https:\/\/c-katia.fr\/index.php\/wp-json\/wp\/v2\/pages\/64\/revisions\/220"}],"wp:attachment":[{"href":"https:\/\/c-katia.fr\/index.php\/wp-json\/wp\/v2\/media?parent=64"}],"curies":[{"name":"wp","href":"https:\/\/api.w.org\/{rel}","templated":true}]}}